{"id":101,"date":"2023-03-09T20:14:08","date_gmt":"2023-03-09T19:14:08","guid":{"rendered":"https:\/\/souvenir-francais-argentine.fr\/?page_id=101"},"modified":"2023-05-16T19:57:00","modified_gmt":"2023-05-16T17:57:00","slug":"hommage-aux-retrouvailles","status":"publish","type":"page","link":"https:\/\/souvenir-francais-argentine.fr\/index.php\/les-projets\/hommage-aux-retrouvailles\/","title":{"rendered":"Hommage aux retrouvailles"},"content":{"rendered":"\n<h2 class=\"wp-block-heading\">Projet n\u00b01<\/h2>\n\n\n\n<p>Hommage aux retrouvailles de Guillaumet et St Exupery \u00e0 San Carlos o\u00f9 pendant des jours et des jours, Saint Exup\u00e9ry a survol\u00e9 les Andes \u00e0 sa recherche ou \u00e0 la recherche de tout signe de vie.<\/p>\n\n\n\n<blockquote class=\"wp-block-quote is-layout-flow wp-block-quote-is-layout-flow\">\n<p>\u00ab \u2026Et quand je me suis de nouveau gliss\u00e9 entre les murs des piliers g\u00e9ants des Andes, il m&rsquo;a sembl\u00e9 que je ne te cherchais plus, mais que je veillais sur ton corps en silence, \u00e0 l&rsquo;int\u00e9rieur d&rsquo;une cath\u00e9drale de neige\u2026<br>Enfin, au cours du septi\u00e8me jour, tandis que je d\u00e9jeunais entre deux travers\u00e9es, dans un restaurant de Mendoza, un homme poussa la porte et cria, oh ! peu de chose :<br>\u2013 Guillaumet\u2026 vivant ! Et tous les inconnus qui se trouvaient l\u00e0 s\u2019embrass\u00e8rent. Dix minutes plus tard, j\u2019avais d\u00e9coll\u00e9, ayant charg\u00e9 \u00e0 bord deux m\u00e9caniciens, Lefebvre et Abri.<br>Quarante minutes plus tard, j\u2019avais atterri le long d\u2019une route, ayant reconnu, \u00e0 je ne sais quoi, la voiture qui t\u2019emportait je ne sais o\u00f9, du c\u00f4t\u00e9 de San Rapha\u00ebl.<br>Ce fut une belle rencontre ; nous pleurions tous, et nous t\u2019\u00e9crasions dans nos bras, vivant, ressuscit\u00e9, auteur de ton propre miracle.<br>C\u2019est alors que tu exprimas, et ce fut ta premi\u00e8re phrase intelligible, un admirable orgueil d\u2019homme : Ce que j\u2019ai fait, je te le jure, jamais aucune b\u00eate ne l\u2019aurait fait\u2026 \u00bb<\/p>\n<cite><strong>Terre des Hommes <\/strong>par Antoine de St Exupery<\/cite><\/blockquote>\n\n\n\n<div class=\"wp-block-columns is-layout-flex wp-container-core-columns-is-layout-9d6595d7 wp-block-columns-is-layout-flex\">\n<div class=\"wp-block-column is-layout-flow wp-block-column-is-layout-flow\">\n\n<h3 class=\"wp-block-heading\">Sous-projets n\u00b01<\/h3>\n\n\r\n\t\t\t\t\t\n\r\n\t\t\t\t\t<!-- START UNITE GALLERY 1.7.58 -->\r\n\t\t\t\t\t\r\n\t\t\t\t\n\t\t\t<div id='unitegallery_1_1' class='unite-gallery' style='margin:0px auto;margin-bottom:15px;'>\n\t\t\t\t\n\n\t\t\t\t\t\t<img decoding=\"async\" alt=\"Cr\u00e9ation d\u2019une sculpture\/plaque \u00e0 l\u2019endroit de la rencontre St Exupery \u2013 Guillaumet\"\n\t\t\t\t\t\t     src=\"\" data-image=\"https:\/\/souvenir-francais-argentine.fr\/wp-content\/uploads\/2023\/03\/IMG-20221030-WA0002.jpg\"\n\t\t\t\t\t\t     data-image-mobile=\"https:\/\/souvenir-francais-argentine.fr\/wp-content\/uploads\/2023\/03\/IMG-20221030-WA0002-768x775.jpg\"\n\t\t\t\t\t\t     data-thumb=\"https:\/\/souvenir-francais-argentine.fr\/wp-content\/uploads\/2023\/03\/IMG-20221030-WA0002-297x300.jpg\"\n\t\t\t\t\t\t     title=\"\"\n\t\t\t\t\t\t     data-title=\"Sculpture \u00e0 l\u2019endroit de la rencontre\"\n\t\t\t\t\t\t     style=\"display:none\">\n\n\t\t\t\t\t\t<img decoding=\"async\" alt=\"Dessin des retrouvailles de St Exupery et Guillaumet\"\n\t\t\t\t\t\t     src=\"\" data-image=\"https:\/\/souvenir-francais-argentine.fr\/wp-content\/uploads\/2023\/03\/img-ss-projet-03.jpg\"\n\t\t\t\t\t\t     data-image-mobile=\"https:\/\/souvenir-francais-argentine.fr\/wp-content\/uploads\/2023\/03\/img-ss-projet-03-768x768.jpg\"\n\t\t\t\t\t\t     data-thumb=\"https:\/\/souvenir-francais-argentine.fr\/wp-content\/uploads\/2023\/03\/img-ss-projet-03-300x300.jpg\"\n\t\t\t\t\t\t     title=\"\"\n\t\t\t\t\t\t     data-title=\"Dessin des retrouvailles de St Exupery et Guillaumet\"\n\t\t\t\t\t\t     style=\"display:none\">\n\n\t\t\t\t\t\t<img decoding=\"async\" alt=\"Henri Guillaumet - miracle de survie dans la cordill\u00e8re des Andes - 20 juin 2030\"\n\t\t\t\t\t\t     src=\"\" data-image=\"https:\/\/souvenir-francais-argentine.fr\/wp-content\/uploads\/2023\/03\/img-ss-projet-02.jpg\"\n\t\t\t\t\t\t     data-image-mobile=\"https:\/\/souvenir-francais-argentine.fr\/wp-content\/uploads\/2023\/03\/img-ss-projet-02-768x768.jpg\"\n\t\t\t\t\t\t     data-thumb=\"https:\/\/souvenir-francais-argentine.fr\/wp-content\/uploads\/2023\/03\/img-ss-projet-02-300x300.jpg\"\n\t\t\t\t\t\t     title=\"\"\n\t\t\t\t\t\t     data-title=\"La plaque en fran\u00e7ais\"\n\t\t\t\t\t\t     style=\"display:none\">\n\n\t\t\t\t\t\t<img decoding=\"async\" alt=\"Henri Guillaumet - miracle de survie dans la cordill\u00e8re des Andes - 20 juin 2030\"\n\t\t\t\t\t\t     src=\"\" data-image=\"https:\/\/souvenir-francais-argentine.fr\/wp-content\/uploads\/2023\/03\/img-ss-projet.jpg\"\n\t\t\t\t\t\t     data-image-mobile=\"https:\/\/souvenir-francais-argentine.fr\/wp-content\/uploads\/2023\/03\/img-ss-projet-768x768.jpg\"\n\t\t\t\t\t\t     data-thumb=\"https:\/\/souvenir-francais-argentine.fr\/wp-content\/uploads\/2023\/03\/img-ss-projet-300x300.jpg\"\n\t\t\t\t\t\t     title=\"\"\n\t\t\t\t\t\t     data-title=\"La plaque en espagnol\"\n\t\t\t\t\t\t     style=\"display:none\">\n\t\t\t<\/div>\n\n\t\t\t<script type='text\/javascript'>\n\t\t\t\twindow.onload = function(e) {\n\t\t\t\t\tif(typeof ugCheckForErrors == \"undefined\"){\n\t\t\t\t\t\tdocument.getElementById(\"unitegallery_1_1\").innerHTML = \"<span style='color:red'>Unite Gallery Error - gallery js and css files not included in the footer. Please make sure that wp_footer() function is added to your theme.<\/span>\";}\n\t\t\t\t\telse{ ugCheckForErrors(\"unitegallery_1_1\", \"jquery\");}\n\t\t\t\t};\n\t\t\t<\/script>\n\n\t\t\t<!-- END UNITEGALLERY -->\n\n<p>Cr\u00e9ation d\u2019une sculpture\/plaque \u00e0 l\u2019endroit de la rencontre de St Exupery et Guillaumet.<br \/><a title=\"Inauguration du monument \u00e0 la m\u00e9moire des retrouvailles\" href=\"https:\/\/souvenir-francais-argentine.fr\/index.php\/2023\/02\/02\/inauguration-monument\/\" >Voir la c\u00e9r\u00e9monie d&rsquo;inauguration du 2 f\u00e9vrier 2023<\/a><\/p>\n\n<\/div>\n\n\n\n<div class=\"wp-block-column is-layout-flow wp-block-column-is-layout-flow\">\n<h3 class=\"wp-block-heading\">Sous-projets n\u00b02<\/h3>\n\n\n<div class=\"wp-block-image\">\n<figure class=\"aligncenter size-large is-resized\"><a href=\"https:\/\/souvenir-francais-argentine.fr\/wp-content\/uploads\/2023\/03\/img-ss2-projet.jpg\"><img loading=\"lazy\" decoding=\"async\" src=\"https:\/\/souvenir-francais-argentine.fr\/wp-content\/uploads\/2023\/03\/img-ss2-projet-1024x1024.jpg\" alt=\"Cr\u00e9ation d\u2019une aile A\u00e9ropostale au Mus\u00e9e de San Carlos\" class=\"wp-image-589\" width=\"394\" height=\"394\" srcset=\"https:\/\/souvenir-francais-argentine.fr\/wp-content\/uploads\/2023\/03\/img-ss2-projet-1024x1024.jpg 1024w, https:\/\/souvenir-francais-argentine.fr\/wp-content\/uploads\/2023\/03\/img-ss2-projet-300x300.jpg 300w, https:\/\/souvenir-francais-argentine.fr\/wp-content\/uploads\/2023\/03\/img-ss2-projet-150x150.jpg 150w, https:\/\/souvenir-francais-argentine.fr\/wp-content\/uploads\/2023\/03\/img-ss2-projet-768x768.jpg 768w, https:\/\/souvenir-francais-argentine.fr\/wp-content\/uploads\/2023\/03\/img-ss2-projet.jpg 1100w\" sizes=\"auto, (max-width: 394px) 100vw, 394px\" \/><\/a><\/figure>\n<\/div>\n\n\n<p>Cr\u00e9ation d\u2019une aile A\u00e9ropostale au Mus\u00e9e de San Carlos.<\/p>\n<\/div>\n<\/div>\n\n\n\n<div class=\"wp-block-columns is-layout-flex wp-container-core-columns-is-layout-9d6595d7 wp-block-columns-is-layout-flex\">\n<div class=\"wp-block-column is-layout-flow wp-block-column-is-layout-flow\">\n\n<h3 class=\"wp-block-heading\">Sous-projets n\u00b03<\/h3>\n\n\r\n\t\t\t\t\t\n\r\n\t\t\t\t\t<!-- START UNITE GALLERY 1.7.58 -->\r\n\t\t\t\t\t\r\n\t\t\t\t\n\t\t\t<div id='unitegallery_1_2' class='unite-gallery' style='margin:0px auto;margin-bottom:15px;'>\n\t\t\t\t\n\n\t\t\t\t\t\t<img decoding=\"async\" alt=\"Remise en l\u2019\u00e9tat et d\u00e9placement de la sculpture de 1996\"\n\t\t\t\t\t\t     src=\"\" data-image=\"https:\/\/souvenir-francais-argentine.fr\/wp-content\/uploads\/2023\/03\/img-ss3-projet.jpg\"\n\t\t\t\t\t\t     data-image-mobile=\"https:\/\/souvenir-francais-argentine.fr\/wp-content\/uploads\/2023\/03\/img-ss3-projet-768x768.jpg\"\n\t\t\t\t\t\t     data-thumb=\"https:\/\/souvenir-francais-argentine.fr\/wp-content\/uploads\/2023\/03\/img-ss3-projet-300x300.jpg\"\n\t\t\t\t\t\t     title=\"\"\n\t\t\t\t\t\t     data-title=\"Sculpture de 1996\"\n\t\t\t\t\t\t     style=\"display:none\">\n\n\t\t\t\t\t\t<img decoding=\"async\" alt=\"Sculpture de 1996\"\n\t\t\t\t\t\t     src=\"\" data-image=\"https:\/\/souvenir-francais-argentine.fr\/wp-content\/uploads\/2023\/03\/IMG_54988.jpg\"\n\t\t\t\t\t\t     data-image-mobile=\"https:\/\/souvenir-francais-argentine.fr\/wp-content\/uploads\/2023\/03\/IMG_54988-768x768.jpg\"\n\t\t\t\t\t\t     data-thumb=\"https:\/\/souvenir-francais-argentine.fr\/wp-content\/uploads\/2023\/03\/IMG_54988-300x300.jpg\"\n\t\t\t\t\t\t     title=\"\"\n\t\t\t\t\t\t     data-title=\"Sculpture de 1996\"\n\t\t\t\t\t\t     style=\"display:none\">\n\t\t\t<\/div>\n\n\n\t\t\t<!-- END UNITEGALLERY -->\n\n<p>Remise en l\u2019\u00e9tat et d\u00e9placement de la sculpture de 1996 vers un endroit avec une bonne visibilit\u00e9<\/p>\n\n<\/div>\n\n\n\n<div class=\"wp-block-column is-layout-flow wp-block-column-is-layout-flow\">\n\n<h3 class=\"wp-block-heading\">\u00c9change autour des projets<\/h3>\n\n\r\n\t\t\t\t\t\n\r\n\t\t\t\t\t<!-- START UNITE GALLERY 1.7.58 -->\r\n\t\t\t\t\t\r\n\t\t\t\t\n\t\t\t<div id='unitegallery_1_3' class='unite-gallery' style='margin:0px auto;margin-bottom:15px;'>\n\t\t\t\t\n\n\t\t\t\t\t\t<img decoding=\"async\" alt=\"\u00c9change autour des projets\"\n\t\t\t\t\t\t     src=\"\" data-image=\"https:\/\/souvenir-francais-argentine.fr\/wp-content\/uploads\/2023\/03\/img01-1.jpg\"\n\t\t\t\t\t\t     data-image-mobile=\"https:\/\/souvenir-francais-argentine.fr\/wp-content\/uploads\/2023\/03\/img01-1-768x768.jpg\"\n\t\t\t\t\t\t     data-thumb=\"https:\/\/souvenir-francais-argentine.fr\/wp-content\/uploads\/2023\/03\/img01-1-300x300.jpg\"\n\t\t\t\t\t\t     title=\"\"\n\t\t\t\t\t\t     data-title=\"\u00c9change autour des projets\"\n\t\t\t\t\t\t     style=\"display:none\">\n\n\t\t\t\t\t\t<img decoding=\"async\" alt=\"Plan de situation du projet\"\n\t\t\t\t\t\t     src=\"\" data-image=\"https:\/\/souvenir-francais-argentine.fr\/wp-content\/uploads\/2023\/03\/IMG_2388.jpg\"\n\t\t\t\t\t\t     data-image-mobile=\"https:\/\/souvenir-francais-argentine.fr\/wp-content\/uploads\/2023\/03\/IMG_2388-768x768.jpg\"\n\t\t\t\t\t\t     data-thumb=\"https:\/\/souvenir-francais-argentine.fr\/wp-content\/uploads\/2023\/03\/IMG_2388-300x300.jpg\"\n\t\t\t\t\t\t     title=\"\"\n\t\t\t\t\t\t     data-title=\"Plan de situation du projet\"\n\t\t\t\t\t\t     style=\"display:none\">\n\t\t\t<\/div>\n\n\n\t\t\t<!-- END UNITEGALLERY --><\/div>\n<\/div>\n\n\n\n<hr class=\"wp-block-separator alignfull has-alpha-channel-opacity\"\/>\n\n\n\n<div class=\"wp-block-buttons is-content-justification-center is-layout-flex wp-container-core-buttons-is-layout-16018d1d wp-block-buttons-is-layout-flex\">\n<div class=\"wp-block-button\"><a class=\"wp-block-button__link wp-element-button\" href=\"https:\/\/souvenir-francais-argentine.fr\/index.php\/les-projets\/hommage-aux-retrouvailles\/\" title=\"Hommage aux retrouvailles\">Projet 1<\/a><\/div>\n\n\n\n<div class=\"wp-block-button\"><a class=\"wp-block-button__link wp-element-button\" href=\"https:\/\/souvenir-francais-argentine.fr\/index.php\/les-projets\/creation-dun-chemin\/\" title=\"Cr\u00e9ation d\u2019un chemin Guillaumet\">Projet 2<\/a><\/div>\n\n\n\n<div class=\"wp-block-button\"><a class=\"wp-block-button__link wp-element-button\" href=\"https:\/\/souvenir-francais-argentine.fr\/index.php\/les-projets\/creation-dun-musee-de-laeropostale\/\" title=\"Re-construction d\u2019avions\">Projet 3<\/a><\/div>\n\n\n\n<div class=\"wp-block-button\"><a class=\"wp-block-button__link wp-element-button\" href=\"https:\/\/souvenir-francais-argentine.fr\/index.php\/les-projets\/parcours-aeropostale-a-mendoza\/\" title=\"Parcours A\u00e9ropostale \u00e0 Mendoza\">Projet 4<\/a><\/div>\n<\/div>\n","protected":false},"excerpt":{"rendered":"<p>Projet n\u00b01 :  \u00ab \u2026 Et quand je me suis de nouveau gliss\u00e9 entre les murs des piliers g\u00e9ants des Andes\u2026 \u00bb <\/p>\n","protected":false},"author":1,"featured_media":403,"parent":47,"menu_order":5,"comment_status":"closed","ping_status":"closed","template":"","meta":{"footnotes":""},"class_list":["post-101","page","type-page","status-publish","has-post-thumbnail","hentry"],"_links":{"self":[{"href":"https:\/\/souvenir-francais-argentine.fr\/index.php\/wp-json\/wp\/v2\/pages\/101","targetHints":{"allow":["GET"]}}],"collection":[{"href":"https:\/\/souvenir-francais-argentine.fr\/index.php\/wp-json\/wp\/v2\/pages"}],"about":[{"href":"https:\/\/souvenir-francais-argentine.fr\/index.php\/wp-json\/wp\/v2\/types\/page"}],"author":[{"embeddable":true,"href":"https:\/\/souvenir-francais-argentine.fr\/index.php\/wp-json\/wp\/v2\/users\/1"}],"replies":[{"embeddable":true,"href":"https:\/\/souvenir-francais-argentine.fr\/index.php\/wp-json\/wp\/v2\/comments?post=101"}],"version-history":[{"count":26,"href":"https:\/\/souvenir-francais-argentine.fr\/index.php\/wp-json\/wp\/v2\/pages\/101\/revisions"}],"predecessor-version":[{"id":973,"href":"https:\/\/souvenir-francais-argentine.fr\/index.php\/wp-json\/wp\/v2\/pages\/101\/revisions\/973"}],"up":[{"embeddable":true,"href":"https:\/\/souvenir-francais-argentine.fr\/index.php\/wp-json\/wp\/v2\/pages\/47"}],"wp:featuredmedia":[{"embeddable":true,"href":"https:\/\/souvenir-francais-argentine.fr\/index.php\/wp-json\/wp\/v2\/media\/403"}],"wp:attachment":[{"href":"https:\/\/souvenir-francais-argentine.fr\/index.php\/wp-json\/wp\/v2\/media?parent=101"}],"curies":[{"name":"wp","href":"https:\/\/api.w.org\/{rel}","templated":true}]}}