{"id":103,"date":"2023-03-09T20:22:27","date_gmt":"2023-03-09T19:22:27","guid":{"rendered":"https:\/\/souvenir-francais-argentine.fr\/?page_id=103"},"modified":"2023-03-12T20:38:33","modified_gmt":"2023-03-12T19:38:33","slug":"creation-dun-chemin","status":"publish","type":"page","link":"https:\/\/souvenir-francais-argentine.fr\/index.php\/les-projets\/creation-dun-chemin\/","title":{"rendered":"Cr\u00e9ation d\u2019un chemin"},"content":{"rendered":"\n<h2 class=\"wp-block-heading\"><strong>Projet n\u00b02<\/strong><\/h2>\n\n\n\n<p>Cr\u00e9ation d\u2019un chemin Guillaumet \u00e0 Laguna Diamante.<\/p>\n\n\n\n<blockquote class=\"wp-block-quote is-layout-flow wp-block-quote-is-layout-flow\">\n<p>\u00ab \u00c0 trois mille cinq j\u2019entrevis une masse noire, horizontale, qui me permit de r\u00e9tablir l\u2019avion. C\u2019\u00e9tait un \u00e9tang que je reconnus : la Laguna Diamante. Je la savais log\u00e9e au fond d\u2019un entonnoir, dont un des flancs, le volcan Maipu, s\u2019\u00e9l\u00e8ve \u00e0 six mille neuf cents m\u00e8tres(\u2026)<br>Apr\u00e8s deux heures de man\u00e8ge, je me posai et capotai.&nbsp;<br>Quand je me d\u00e9gageai de l\u2019avion, la temp\u00eate me renversa. Je me r\u00e9tablis sur mes pieds, elle me renversa encore. J\u2019en fus r\u00e9duit \u00e0 me glisser sous la carlingue et \u00e0 creuser un abri dans la neige. Je m\u2019enveloppai l\u00e0 de sacs postaux et, quarante-huit heures durant, j\u2019attendis. Apr\u00e8s quoi, le temp\u00eate apais\u00e9e, je me mis en marche. Je marchai cinq jours et quatre nuits. \u00bb<\/p>\n<cite><strong>Terre des Hommes <\/strong>par Antoine de St Exupery<\/cite><\/blockquote>\n\n\n\n<div class=\"wp-block-columns is-layout-flex wp-container-core-columns-is-layout-9d6595d7 wp-block-columns-is-layout-flex\">\n<div class=\"wp-block-column is-layout-flow wp-block-column-is-layout-flow\">\n<h3 class=\"wp-block-heading\">Sous-projets n\u00b01<\/h3>\n\n\n<div class=\"wp-block-image\">\n<figure class=\"aligncenter size-full is-resized\"><a href=\"https:\/\/souvenir-francais-argentine.fr\/wp-content\/uploads\/2023\/03\/img-picto-projet2.jpg\"><img loading=\"lazy\" decoding=\"async\" src=\"https:\/\/souvenir-francais-argentine.fr\/wp-content\/uploads\/2023\/03\/img-picto-projet2.jpg\" alt=\"Terre des Hommes par Antoine de St Exupery\" class=\"wp-image-530\" width=\"394\" height=\"394\" srcset=\"https:\/\/souvenir-francais-argentine.fr\/wp-content\/uploads\/2023\/03\/img-picto-projet2.jpg 900w, https:\/\/souvenir-francais-argentine.fr\/wp-content\/uploads\/2023\/03\/img-picto-projet2-300x300.jpg 300w, https:\/\/souvenir-francais-argentine.fr\/wp-content\/uploads\/2023\/03\/img-picto-projet2-150x150.jpg 150w, https:\/\/souvenir-francais-argentine.fr\/wp-content\/uploads\/2023\/03\/img-picto-projet2-768x768.jpg 768w\" sizes=\"auto, (max-width: 394px) 100vw, 394px\" \/><\/a><\/figure>\n<\/div>\n\n\n<p>Cr\u00e9ation d\u2019un \u00ab chemin Guillaumet \u00bb retra\u00e7ant tout ou partie du chemin qu&rsquo;il parcouru en juin 1930.<\/p>\n<\/div>\n\n\n\n<div class=\"wp-block-column is-layout-flow wp-block-column-is-layout-flow\">\n<h3 class=\"wp-block-heading\">Sous-projets n\u00b02<\/h3>\n\n\n<div class=\"wp-block-image\">\n<figure class=\"aligncenter size-large is-resized\"><a href=\"https:\/\/souvenir-francais-argentine.fr\/wp-content\/uploads\/2023\/03\/img012.jpg\"><img loading=\"lazy\" decoding=\"async\" src=\"https:\/\/souvenir-francais-argentine.fr\/wp-content\/uploads\/2023\/03\/img012-1024x1024.jpg\" alt=\"Cr\u00e9ation d\u2019une signal\u00e9tique A\u00e9ropostale \u00e0 La laguna Diamante\" class=\"wp-image-624\" width=\"394\" height=\"394\" srcset=\"https:\/\/souvenir-francais-argentine.fr\/wp-content\/uploads\/2023\/03\/img012-1024x1024.jpg 1024w, https:\/\/souvenir-francais-argentine.fr\/wp-content\/uploads\/2023\/03\/img012-300x300.jpg 300w, https:\/\/souvenir-francais-argentine.fr\/wp-content\/uploads\/2023\/03\/img012-150x150.jpg 150w, https:\/\/souvenir-francais-argentine.fr\/wp-content\/uploads\/2023\/03\/img012-768x768.jpg 768w, https:\/\/souvenir-francais-argentine.fr\/wp-content\/uploads\/2023\/03\/img012.jpg 1100w\" sizes=\"auto, (max-width: 394px) 100vw, 394px\" \/><\/a><\/figure>\n<\/div>\n\n\n<p>Cr\u00e9ation d\u2019une signal\u00e9tique A\u00e9ropostale \u00e0 La laguna Diamante.<\/p>\n<\/div>\n<\/div>\n\n\n\n<div class=\"wp-block-columns is-layout-flex wp-container-core-columns-is-layout-9d6595d7 wp-block-columns-is-layout-flex\">\n<div class=\"wp-block-column is-layout-flow wp-block-column-is-layout-flow\">\n<h3 class=\"wp-block-heading\">Sous-projets n\u00b03<\/h3>\n\n\n<div class=\"wp-block-image\">\n<figure class=\"aligncenter size-large is-resized\"><a href=\"https:\/\/souvenir-francais-argentine.fr\/wp-content\/uploads\/2023\/03\/img-ss-projet-1.jpg\"><img loading=\"lazy\" decoding=\"async\" src=\"https:\/\/souvenir-francais-argentine.fr\/wp-content\/uploads\/2023\/03\/img-ss-projet-1-1024x1024.jpg\" alt=\"PLan\" class=\"wp-image-625\" width=\"394\" height=\"394\" srcset=\"https:\/\/souvenir-francais-argentine.fr\/wp-content\/uploads\/2023\/03\/img-ss-projet-1-1024x1024.jpg 1024w, https:\/\/souvenir-francais-argentine.fr\/wp-content\/uploads\/2023\/03\/img-ss-projet-1-300x300.jpg 300w, https:\/\/souvenir-francais-argentine.fr\/wp-content\/uploads\/2023\/03\/img-ss-projet-1-150x150.jpg 150w, https:\/\/souvenir-francais-argentine.fr\/wp-content\/uploads\/2023\/03\/img-ss-projet-1-768x768.jpg 768w, https:\/\/souvenir-francais-argentine.fr\/wp-content\/uploads\/2023\/03\/img-ss-projet-1.jpg 1100w\" sizes=\"auto, (max-width: 394px) 100vw, 394px\" \/><\/a><\/figure>\n<\/div>\n\n\n<p>Mise en valeur de la cabane de Juan Garcia<\/p>\n<\/div>\n\n\n\n<div class=\"wp-block-column is-layout-flow wp-block-column-is-layout-flow\">\n<h3 class=\"wp-block-heading\">Apr\u00e8s le crash<\/h3>\n\n\n<div class=\"wp-block-image\">\n<figure class=\"aligncenter size-large is-resized\"><a href=\"https:\/\/souvenir-francais-argentine.fr\/wp-content\/uploads\/2023\/03\/img013.jpg\"><img loading=\"lazy\" decoding=\"async\" src=\"https:\/\/souvenir-francais-argentine.fr\/wp-content\/uploads\/2023\/03\/img013-1024x1024.jpg\" alt=\"Apr\u00e8s le crash\" class=\"wp-image-626\" width=\"394\" height=\"394\" srcset=\"https:\/\/souvenir-francais-argentine.fr\/wp-content\/uploads\/2023\/03\/img013-1024x1024.jpg 1024w, https:\/\/souvenir-francais-argentine.fr\/wp-content\/uploads\/2023\/03\/img013-300x300.jpg 300w, https:\/\/souvenir-francais-argentine.fr\/wp-content\/uploads\/2023\/03\/img013-150x150.jpg 150w, https:\/\/souvenir-francais-argentine.fr\/wp-content\/uploads\/2023\/03\/img013-768x768.jpg 768w, https:\/\/souvenir-francais-argentine.fr\/wp-content\/uploads\/2023\/03\/img013.jpg 1100w\" sizes=\"auto, (max-width: 394px) 100vw, 394px\" \/><\/a><\/figure>\n<\/div><\/div>\n<\/div>\n\n\n\n<hr class=\"wp-block-separator alignfull has-alpha-channel-opacity\"\/>\n\n\n\n<div class=\"wp-block-buttons is-content-justification-center is-layout-flex wp-container-core-buttons-is-layout-16018d1d wp-block-buttons-is-layout-flex\">\n<div class=\"wp-block-button\"><a class=\"wp-block-button__link wp-element-button\" href=\"https:\/\/souvenir-francais-argentine.fr\/index.php\/les-projets\/hommage-aux-retrouvailles\/\" title=\"Hommage aux retrouvailles\">Projet 1<\/a><\/div>\n\n\n\n<div class=\"wp-block-button\"><a class=\"wp-block-button__link wp-element-button\" href=\"https:\/\/souvenir-francais-argentine.fr\/index.php\/les-projets\/creation-dun-chemin\/\" title=\"Cr\u00e9ation d\u2019un chemin Guillaumet\">Projet 2<\/a><\/div>\n\n\n\n<div class=\"wp-block-button\"><a class=\"wp-block-button__link wp-element-button\" href=\"https:\/\/souvenir-francais-argentine.fr\/index.php\/les-projets\/creation-dun-musee-de-laeropostale\/\" title=\"Re-construction d\u2019avions\">Projet 3<\/a><\/div>\n\n\n\n<div class=\"wp-block-button\"><a class=\"wp-block-button__link wp-element-button\" href=\"https:\/\/souvenir-francais-argentine.fr\/index.php\/les-projets\/parcours-aeropostale-a-mendoza\/\" title=\"Parcours A\u00e9ropostale \u00e0 Mendoza\">Projet 4<\/a><\/div>\n<\/div>\n","protected":false},"excerpt":{"rendered":"<p>Projet n\u00b02 : \u00ab &#8230;Je m\u2019enveloppai l\u00e0 de sacs postaux et, quarante-huit heures durant, j\u2019attendis&#8230; \u00bb<\/p>\n","protected":false},"author":1,"featured_media":403,"parent":47,"menu_order":6,"comment_status":"closed","ping_status":"closed","template":"","meta":{"footnotes":""},"class_list":["post-103","page","type-page","status-publish","has-post-thumbnail","hentry"],"_links":{"self":[{"href":"https:\/\/souvenir-francais-argentine.fr\/index.php\/wp-json\/wp\/v2\/pages\/103","targetHints":{"allow":["GET"]}}],"collection":[{"href":"https:\/\/souvenir-francais-argentine.fr\/index.php\/wp-json\/wp\/v2\/pages"}],"about":[{"href":"https:\/\/souvenir-francais-argentine.fr\/index.php\/wp-json\/wp\/v2\/types\/page"}],"author":[{"embeddable":true,"href":"https:\/\/souvenir-francais-argentine.fr\/index.php\/wp-json\/wp\/v2\/users\/1"}],"replies":[{"embeddable":true,"href":"https:\/\/souvenir-francais-argentine.fr\/index.php\/wp-json\/wp\/v2\/comments?post=103"}],"version-history":[{"count":8,"href":"https:\/\/souvenir-francais-argentine.fr\/index.php\/wp-json\/wp\/v2\/pages\/103\/revisions"}],"predecessor-version":[{"id":797,"href":"https:\/\/souvenir-francais-argentine.fr\/index.php\/wp-json\/wp\/v2\/pages\/103\/revisions\/797"}],"up":[{"embeddable":true,"href":"https:\/\/souvenir-francais-argentine.fr\/index.php\/wp-json\/wp\/v2\/pages\/47"}],"wp:featuredmedia":[{"embeddable":true,"href":"https:\/\/souvenir-francais-argentine.fr\/index.php\/wp-json\/wp\/v2\/media\/403"}],"wp:attachment":[{"href":"https:\/\/souvenir-francais-argentine.fr\/index.php\/wp-json\/wp\/v2\/media?parent=103"}],"curies":[{"name":"wp","href":"https:\/\/api.w.org\/{rel}","templated":true}]}}