{"id":123,"date":"2023-03-09T20:58:54","date_gmt":"2023-03-09T19:58:54","guid":{"rendered":"https:\/\/souvenir-francais-argentine.fr\/?page_id=123"},"modified":"2023-03-12T23:26:51","modified_gmt":"2023-03-12T22:26:51","slug":"parcours-aeropostale-a-mendoza","status":"publish","type":"page","link":"https:\/\/souvenir-francais-argentine.fr\/index.php\/les-projets\/parcours-aeropostale-a-mendoza\/","title":{"rendered":"Parcours A\u00e9ropostale \u00e0 Mendoza"},"content":{"rendered":"\n<h2 class=\"wp-block-heading\"><strong>Projet n\u00b04<\/strong><\/h2>\n\n\n\n<p>Sur les traces de Saint-Exup\u00e9ry et de Guillaumet<\/p>\n\n\n\n<div class=\"wp-block-columns is-layout-flex wp-container-core-columns-is-layout-9d6595d7 wp-block-columns-is-layout-flex\">\n<div class=\"wp-block-column is-layout-flow wp-block-column-is-layout-flow\">\n\r\n\t\t\t\t\t\n\r\n\t\t\t\t\t<!-- START UNITE GALLERY 1.7.58 -->\r\n\t\t\t\t\t\r\n\t\t\t\t\n\t\t\t<div id='unitegallery_1_1' class='unite-gallery' style='margin:0px auto;margin-bottom:15px;'>\n\t\t\t\t\n\n\t\t\t\t\t\t<img decoding=\"async\" alt=\"Plaque comm\u00e9morative\"\n\t\t\t\t\t\t     src=\"\" data-image=\"https:\/\/souvenir-francais-argentine.fr\/wp-content\/uploads\/2023\/03\/img-ssssss-projet.jpg\"\n\t\t\t\t\t\t     data-image-mobile=\"https:\/\/souvenir-francais-argentine.fr\/wp-content\/uploads\/2023\/03\/img-ssssss-projet-768x768.jpg\"\n\t\t\t\t\t\t     data-thumb=\"https:\/\/souvenir-francais-argentine.fr\/wp-content\/uploads\/2023\/03\/img-ssssss-projet-300x300.jpg\"\n\t\t\t\t\t\t     title=\"\"\n\t\t\t\t\t\t     data-title=\"Plaque comm\u00e9morative\"\n\t\t\t\t\t\t     style=\"display:none\">\n\n\t\t\t\t\t\t<img decoding=\"async\" alt=\"Cr\u00e9ation d'un parcours A\u00e9ropostale \u00e0 Mendoza\"\n\t\t\t\t\t\t     src=\"\" data-image=\"https:\/\/souvenir-francais-argentine.fr\/wp-content\/uploads\/2023\/03\/img014-3.jpg\"\n\t\t\t\t\t\t     data-image-mobile=\"https:\/\/souvenir-francais-argentine.fr\/wp-content\/uploads\/2023\/03\/img014-3-768x768.jpg\"\n\t\t\t\t\t\t     data-thumb=\"https:\/\/souvenir-francais-argentine.fr\/wp-content\/uploads\/2023\/03\/img014-3-300x300.jpg\"\n\t\t\t\t\t\t     title=\"\"\n\t\t\t\t\t\t     data-title=\"Cr\u00e9ation d'un parcours A\u00e9ropostale \u00e0 Mendoza\"\n\t\t\t\t\t\t     style=\"display:none\">\n\n\t\t\t\t\t\t<img decoding=\"async\" alt=\"Retrouvailles de Guillaumet et St Exupery\"\n\t\t\t\t\t\t     src=\"\" data-image=\"https:\/\/souvenir-francais-argentine.fr\/wp-content\/uploads\/2023\/03\/img08-1.jpg\"\n\t\t\t\t\t\t     data-image-mobile=\"https:\/\/souvenir-francais-argentine.fr\/wp-content\/uploads\/2023\/03\/img08-1-768x768.jpg\"\n\t\t\t\t\t\t     data-thumb=\"https:\/\/souvenir-francais-argentine.fr\/wp-content\/uploads\/2023\/03\/img08-1-300x300.jpg\"\n\t\t\t\t\t\t     title=\"\"\n\t\t\t\t\t\t     data-title=\"Retrouvailles de Guillaumet et St Exupery\"\n\t\t\t\t\t\t     style=\"display:none\">\n\t\t\t<\/div>\n\n\t\t\t<script type='text\/javascript'>\n\t\t\t\twindow.onload = function(e) {\n\t\t\t\t\tif(typeof ugCheckForErrors == \"undefined\"){\n\t\t\t\t\t\tdocument.getElementById(\"unitegallery_1_1\").innerHTML = \"<span style='color:red'>Unite Gallery Error - gallery js and css files not included in the footer. Please make sure that wp_footer() function is added to your theme.<\/span>\";}\n\t\t\t\t\telse{ ugCheckForErrors(\"unitegallery_1_1\", \"jquery\");}\n\t\t\t\t};\n\t\t\t<\/script>\n\n\t\t\t<!-- END UNITEGALLERY -->\n<\/div>\n\n\n\n<div class=\"wp-block-column is-layout-flow wp-block-column-is-layout-flow\">\n<ul class=\"wp-block-list\">\n<li>Plaque comm\u00e9morative remise par Charlotte Panouill\u00e9, Consule Honoraire, \u00e0 Miguel Angel Urmeneta, g\u00e9rant du <em>Hyatt H\u00f4tel<\/em>, anciennement l\u2019<em>h\u00f4tel Plaza Mendoza<\/em>, si\u00e8ge de A\u00e9ropostale<br><a href=\"https:\/\/souvenir-francais-argentine.fr\/index.php\/2022\/06\/15\/inauguration-dun-monument-a-san-carlos\/\" data-type=\"post\" data-id=\"702\" target=\"_blank\" rel=\"noreferrer noopener\">\u00a0En savoir + sur la c\u00e9r\u00e9monie du 15 juin 2022\u00a0<\/a><\/li>\n\n\n\n<li>Cr\u00e9ation d&rsquo;un parcours A\u00e9ropostale \u00e0 Mendoza<\/li>\n<\/ul>\n<\/div>\n<\/div>\n\n\n\n<hr class=\"wp-block-separator alignfull has-alpha-channel-opacity\"\/>\n\n\n\n<div class=\"wp-block-buttons is-content-justification-center is-layout-flex wp-container-core-buttons-is-layout-16018d1d wp-block-buttons-is-layout-flex\">\n<div class=\"wp-block-button\"><a class=\"wp-block-button__link wp-element-button\" href=\"https:\/\/souvenir-francais-argentine.fr\/index.php\/les-projets\/hommage-aux-retrouvailles\/\" title=\"Hommage aux retrouvailles\">Projet 1<\/a><\/div>\n\n\n\n<div class=\"wp-block-button\"><a class=\"wp-block-button__link wp-element-button\" href=\"https:\/\/souvenir-francais-argentine.fr\/index.php\/les-projets\/creation-dun-chemin\/\" title=\"Cr\u00e9ation d\u2019un chemin Guillaumet\">Projet 2<\/a><\/div>\n\n\n\n<div class=\"wp-block-button\"><a class=\"wp-block-button__link wp-element-button\" href=\"https:\/\/souvenir-francais-argentine.fr\/index.php\/les-projets\/creation-dun-musee-de-laeropostale\/\" title=\"Re-construction d\u2019avions\">Projet 3<\/a><\/div>\n\n\n\n<div class=\"wp-block-button\"><a class=\"wp-block-button__link wp-element-button\" href=\"https:\/\/souvenir-francais-argentine.fr\/index.php\/les-projets\/parcours-aeropostale-a-mendoza\/\" title=\"Parcours A\u00e9ropostale \u00e0 Mendoza\">Projet 4<\/a><\/div>\n<\/div>\n","protected":false},"excerpt":{"rendered":"<p>Projet n\u00b04 : Sur les traces de Saint-Exup\u00e9ry et de Guillaumet en Argentine.<\/p>\n","protected":false},"author":1,"featured_media":403,"parent":47,"menu_order":8,"comment_status":"closed","ping_status":"closed","template":"","meta":{"footnotes":""},"class_list":["post-123","page","type-page","status-publish","has-post-thumbnail","hentry"],"_links":{"self":[{"href":"https:\/\/souvenir-francais-argentine.fr\/index.php\/wp-json\/wp\/v2\/pages\/123","targetHints":{"allow":["GET"]}}],"collection":[{"href":"https:\/\/souvenir-francais-argentine.fr\/index.php\/wp-json\/wp\/v2\/pages"}],"about":[{"href":"https:\/\/souvenir-francais-argentine.fr\/index.php\/wp-json\/wp\/v2\/types\/page"}],"author":[{"embeddable":true,"href":"https:\/\/souvenir-francais-argentine.fr\/index.php\/wp-json\/wp\/v2\/users\/1"}],"replies":[{"embeddable":true,"href":"https:\/\/souvenir-francais-argentine.fr\/index.php\/wp-json\/wp\/v2\/comments?post=123"}],"version-history":[{"count":8,"href":"https:\/\/souvenir-francais-argentine.fr\/index.php\/wp-json\/wp\/v2\/pages\/123\/revisions"}],"predecessor-version":[{"id":875,"href":"https:\/\/souvenir-francais-argentine.fr\/index.php\/wp-json\/wp\/v2\/pages\/123\/revisions\/875"}],"up":[{"embeddable":true,"href":"https:\/\/souvenir-francais-argentine.fr\/index.php\/wp-json\/wp\/v2\/pages\/47"}],"wp:featuredmedia":[{"embeddable":true,"href":"https:\/\/souvenir-francais-argentine.fr\/index.php\/wp-json\/wp\/v2\/media\/403"}],"wp:attachment":[{"href":"https:\/\/souvenir-francais-argentine.fr\/index.php\/wp-json\/wp\/v2\/media?parent=123"}],"curies":[{"name":"wp","href":"https:\/\/api.w.org\/{rel}","templated":true}]}}