{"id":16,"date":"2023-03-09T18:40:03","date_gmt":"2023-03-09T17:40:03","guid":{"rendered":"https:\/\/souvenir-francais-argentine.fr\/?page_id=16"},"modified":"2023-03-13T19:38:44","modified_gmt":"2023-03-13T18:38:44","slug":"a-propos-de","status":"publish","type":"page","link":"https:\/\/souvenir-francais-argentine.fr\/index.php\/a-propos-de\/","title":{"rendered":"Le comit\u00e9 de pilotage"},"content":{"rendered":"\n<div class=\"wp-block-columns is-layout-flex wp-container-core-columns-is-layout-9d6595d7 wp-block-columns-is-layout-flex\">\n<div class=\"wp-block-column is-layout-flow wp-block-column-is-layout-flow\">\n<h3 class=\"wp-block-heading\">Pour le projet Croix du Sud<\/h3>\n\n\n\n<p>Le Projet \u00e0 pour objectif de c\u00e9l\u00e9brer la m\u00e9moire des pionniers de l\u2019A\u00e9ropostale en Argentine.&nbsp;<br>Son comit\u00e9 de pilotage form\u00e9 de b\u00e9n\u00e9voles, f\u00e9d\u00e8re ses actions en liaison avec les diff\u00e9rents acteurs priv\u00e9s et gouvernementaux :<\/p>\n\n\n\n<ul class=\"wp-block-list\">\n<li>Consulat de France \u00e0 Mendoza et Buenos Aires<\/li>\n\n\n\n<li><a class=\"lien-ext\" title=\"Association qui a pour but d'honorer la m\u00e9moire de tous ceux qui sont morts pour la France\" href=\"https:\/\/le-souvenir-francais.fr\/delegation\/arg\/\">Souvenir Fran\u00e7ais Argentine<\/a><\/li>\n\n\n\n<li><a class=\"lien-ext\" title=\"...Antoine de Saint-Exup\u00e9ry nous inspire car il s\u2019adresse \u00e0 tous les hommes du monde...\" href=\"https:\/\/www.fasej.org\/\">Fondation St Exupery<\/a><\/li>\n<\/ul>\n<\/div>\n\n\n\n<div class=\"wp-block-column is-layout-flow wp-block-column-is-layout-flow\">\n<h3 class=\"wp-block-heading\">Le comite de pilotage a pour objet de<\/h3>\n\n\n\n<ul class=\"wp-block-list\">\n<li><a title=\"Les retrouvailles en date\" href=\"https:\/\/souvenir-francais-argentine.fr\/index.php\/contexte-historique\/\" data-type=\"page\" data-id=\"43\">C\u00e9l\u00e9brer la m\u00e9moire de cette \u00e9pop\u00e9e<\/a><\/li>\n\n\n\n<li><a title=\"Monuments,lieux et personnes en m\u00e9moire\" href=\"https:\/\/souvenir-francais-argentine.fr\/index.php\/contexte-historique\/souvenirs-existants\/\" data-type=\"page\" data-id=\"431\">Identifier et sauvegarder les lieux de m\u00e9moire existant<\/a><\/li>\n\n\n\n<li><a title=\"Inauguration, cr\u00e9ation de monument, hommage\" href=\"https:\/\/souvenir-francais-argentine.fr\/index.php\/blog\/\" data-type=\"page\" data-id=\"18\">Promouvoir et f\u00e9d\u00e9rer les nouvelles initiatives m\u00e9morielles<\/a><\/li>\n\n\n\n<li>\u00catre une interface avec les diff\u00e9rents acteurs gouvernementaux civils et militaires, fondations int\u00e9ress\u00e9s par ces initiatives<\/li>\n<\/ul>\n<\/div>\n<\/div>\n\n\n\n<div class=\"wp-block-columns is-layout-flex wp-container-core-columns-is-layout-9d6595d7 wp-block-columns-is-layout-flex\">\n<div class=\"wp-block-column is-layout-flow wp-block-column-is-layout-flow\">\n<figure class=\"wp-block-image size-large\"><a href=\"https:\/\/souvenir-francais-argentine.fr\/wp-content\/uploads\/2023\/03\/img.jpg\"><img loading=\"lazy\" decoding=\"async\" width=\"1024\" height=\"780\" src=\"https:\/\/souvenir-francais-argentine.fr\/wp-content\/uploads\/2023\/03\/img-1024x780.jpg\" alt=\"Membres du comite de pilotage\" class=\"wp-image-40\" srcset=\"https:\/\/souvenir-francais-argentine.fr\/wp-content\/uploads\/2023\/03\/img-1024x780.jpg 1024w, https:\/\/souvenir-francais-argentine.fr\/wp-content\/uploads\/2023\/03\/img-300x229.jpg 300w, https:\/\/souvenir-francais-argentine.fr\/wp-content\/uploads\/2023\/03\/img-768x585.jpg 768w, https:\/\/souvenir-francais-argentine.fr\/wp-content\/uploads\/2023\/03\/img-1200x914.jpg 1200w, https:\/\/souvenir-francais-argentine.fr\/wp-content\/uploads\/2023\/03\/img.jpg 1260w\" sizes=\"auto, (max-width: 1024px) 100vw, 1024px\" \/><\/a><\/figure>\n<\/div>\n\n\n\n<div class=\"wp-block-column is-layout-flow wp-block-column-is-layout-flow\">\n<h3 class=\"wp-block-heading\">Sa composition est (Mai 2022)<\/h3>\n\n\n\n<ul class=\"wp-block-list\">\n<li>Madame Charlotte Panouille, Consule de France \u00e0 Mendoza<\/li>\n\n\n\n<li>Monsieur Jerome Constant, PDG Ana Bistro<\/li>\n\n\n\n<li>Monsieur Juan Dominguez, Guide, Mendoza<\/li>\n\n\n\n<li>Monsieur Jean-Paul Guyon, PDG de la FISP, Lausanne<\/li>\n\n\n\n<li>Monsieur UlredicoPace , PDG AeropacSA, Mendoza<\/li>\n\n\n\n<li>Monsieur Alberto Piatelli, Historien et \u00e9crivain, San Carlos<\/li>\n\n\n\n<li>Monsieur Jean-Hugues Monier, New York<\/li>\n<\/ul>\n<\/div>\n<\/div>\n","protected":false},"excerpt":{"rendered":"<p>Pour le projet Croix du Sud Le Projet \u00e0 pour objectif de c\u00e9l\u00e9brer la m\u00e9moire des pionniers de l\u2019A\u00e9ropostale en Argentine.&nbsp;Son comit\u00e9 de pilotage form\u00e9 de b\u00e9n\u00e9voles, f\u00e9d\u00e8re ses actions &#8230;<\/p>\n","protected":false},"author":1,"featured_media":403,"parent":0,"menu_order":1,"comment_status":"closed","ping_status":"closed","template":"","meta":{"footnotes":""},"class_list":["post-16","page","type-page","status-publish","has-post-thumbnail","hentry"],"_links":{"self":[{"href":"https:\/\/souvenir-francais-argentine.fr\/index.php\/wp-json\/wp\/v2\/pages\/16","targetHints":{"allow":["GET"]}}],"collection":[{"href":"https:\/\/souvenir-francais-argentine.fr\/index.php\/wp-json\/wp\/v2\/pages"}],"about":[{"href":"https:\/\/souvenir-francais-argentine.fr\/index.php\/wp-json\/wp\/v2\/types\/page"}],"author":[{"embeddable":true,"href":"https:\/\/souvenir-francais-argentine.fr\/index.php\/wp-json\/wp\/v2\/users\/1"}],"replies":[{"embeddable":true,"href":"https:\/\/souvenir-francais-argentine.fr\/index.php\/wp-json\/wp\/v2\/comments?post=16"}],"version-history":[{"count":24,"href":"https:\/\/souvenir-francais-argentine.fr\/index.php\/wp-json\/wp\/v2\/pages\/16\/revisions"}],"predecessor-version":[{"id":928,"href":"https:\/\/souvenir-francais-argentine.fr\/index.php\/wp-json\/wp\/v2\/pages\/16\/revisions\/928"}],"wp:featuredmedia":[{"embeddable":true,"href":"https:\/\/souvenir-francais-argentine.fr\/index.php\/wp-json\/wp\/v2\/media\/403"}],"wp:attachment":[{"href":"https:\/\/souvenir-francais-argentine.fr\/index.php\/wp-json\/wp\/v2\/media?parent=16"}],"curies":[{"name":"wp","href":"https:\/\/api.w.org\/{rel}","templated":true}]}}