{"id":3,"date":"2023-01-03T20:06:37","date_gmt":"2023-01-03T19:06:37","guid":{"rendered":"http:\/\/souvenir-francais-argentine.fr\/?page_id=3"},"modified":"2023-03-13T20:37:14","modified_gmt":"2023-03-13T19:37:14","slug":"politique-de-confidentialite","status":"publish","type":"page","link":"https:\/\/souvenir-francais-argentine.fr\/index.php\/politique-de-confidentialite\/","title":{"rendered":"Politique de confidentialit\u00e9"},"content":{"rendered":"\n<blockquote class=\"wp-block-quote is-layout-flow wp-block-quote-is-layout-flow\">\n<ul class=\"wp-block-list\">\n<li>http:\/\/souvenir-francais-argentine.fr<\/li>\n\n\n\n<li>Mise en ligne mars 2023<\/li>\n\n\n\n<li>\u00c9diteur : Pointille.fr<\/li>\n\n\n\n<li>Raison sociale : Croix du Sud<\/li>\n\n\n\n<li>Nom commercial : Croix du Sud<\/li>\n\n\n\n<li>Si\u00e8ge social : &#8230;<\/li>\n\n\n\n<li>N\u00b0 Siren : 813345667 00022<\/li>\n\n\n\n<li>Le site est h\u00e9berg\u00e9 par <a href=\"https:\/\/www.ovh.com\/fr\/\">OVH<\/a> \u00e0 Paris. OVH, 2 rue Kellermann \u2013 59100 Roubaix \u2013 France.<\/li>\n<\/ul>\n<\/blockquote>\n\n\n\n<h3 class=\"wp-block-heading\">Contenu embarqu\u00e9 depuis d\u2019autres sites<\/h3>\n\n\n\n<p>Les articles de ce site peuvent inclure des contenus int\u00e9gr\u00e9s (par exemple des vid\u00e9os, images, articles\u2026). Le contenu int\u00e9gr\u00e9 depuis d\u2019autres sites se comporte de la m\u00eame mani\u00e8re que si le visiteur se rendait sur cet autre site.<\/p>\n\n\n\n<p>Ces sites web pourraient collecter des donn\u00e9es sur vous, utiliser des cookies, embarquer des outils de suivis tiers, suivre vos interactions avec ces contenus embarqu\u00e9s si vous disposez d\u2019un compte connect\u00e9 sur leur site web.<\/p>\n\n\n\n<h3 class=\"wp-block-heading\">Droit de propri\u00e9t\u00e9 intellectuelle<\/h3>\n\n\n\n<p>Les contenus, notamment les textes, logiciels, \u0153uvres musicales, documents sonores, vid\u00e9o, photographiques, graphiques ainsi que les autres \u00e9l\u00e9ments contenus dans des publicit\u00e9s ou dans des messages \u00e9lectroniques commerciaux fournis par l\u2019\u00e9diteur, ou par d\u2019autres fournisseurs de contenu sont prot\u00e9g\u00e9s par le droit d\u2019auteur, le droit des marques, le droit des brevets ou par d\u2019autres r\u00e9glementations en mati\u00e8re de droit de propri\u00e9t\u00e9.<\/p>\n\n\n\n<p>Vous n\u2019\u00eates autoris\u00e9 \u00e0 faire des copies de ces contenus que pour votre usage personnel et non \u00e0 des fins commerciales, et \u00e0 condition que vous conserviez l\u2019ensemble des mentions de droit d\u2019auteur et autres mentions de droit de propri\u00e9t\u00e9.<br>Garanties et responsabilit\u00e9<\/p>\n\n\n\n<p>L\u2019\u00e9diteur a pris toutes les pr\u00e9cautions d\u2019usage pour assurer une fiabilit\u00e9 d\u2019informations sur le site. Toutefois, l\u2019\u00e9diteur ne peut, en aucun cas, garantir l\u2019absence totale d\u2019erreur mat\u00e9rielle, de d\u00e9ficience technique ou autre.<\/p>\n\n\n\n<p>Les liens hypertextes \u00e9tablis en direction d\u2019autres sites ne sauraient engager la responsabilit\u00e9 de l\u2019\u00e9diteur, notamment s\u2019agissant du contenu de ces sites.<\/p>\n","protected":false},"excerpt":{"rendered":"<p>Contenu embarqu\u00e9 depuis d\u2019autres sites Les articles de ce site peuvent inclure des contenus int\u00e9gr\u00e9s (par exemple des vid\u00e9os, images, articles\u2026). Le contenu int\u00e9gr\u00e9 depuis d\u2019autres sites se comporte de &#8230;<\/p>\n","protected":false},"author":1,"featured_media":403,"parent":0,"menu_order":15,"comment_status":"closed","ping_status":"closed","template":"","meta":{"footnotes":""},"class_list":["post-3","page","type-page","status-publish","has-post-thumbnail","hentry"],"_links":{"self":[{"href":"https:\/\/souvenir-francais-argentine.fr\/index.php\/wp-json\/wp\/v2\/pages\/3","targetHints":{"allow":["GET"]}}],"collection":[{"href":"https:\/\/souvenir-francais-argentine.fr\/index.php\/wp-json\/wp\/v2\/pages"}],"about":[{"href":"https:\/\/souvenir-francais-argentine.fr\/index.php\/wp-json\/wp\/v2\/types\/page"}],"author":[{"embeddable":true,"href":"https:\/\/souvenir-francais-argentine.fr\/index.php\/wp-json\/wp\/v2\/users\/1"}],"replies":[{"embeddable":true,"href":"https:\/\/souvenir-francais-argentine.fr\/index.php\/wp-json\/wp\/v2\/comments?post=3"}],"version-history":[{"count":3,"href":"https:\/\/souvenir-francais-argentine.fr\/index.php\/wp-json\/wp\/v2\/pages\/3\/revisions"}],"predecessor-version":[{"id":946,"href":"https:\/\/souvenir-francais-argentine.fr\/index.php\/wp-json\/wp\/v2\/pages\/3\/revisions\/946"}],"wp:featuredmedia":[{"embeddable":true,"href":"https:\/\/souvenir-francais-argentine.fr\/index.php\/wp-json\/wp\/v2\/media\/403"}],"wp:attachment":[{"href":"https:\/\/souvenir-francais-argentine.fr\/index.php\/wp-json\/wp\/v2\/media?parent=3"}],"curies":[{"name":"wp","href":"https:\/\/api.w.org\/{rel}","templated":true}]}}