{"id":43,"date":"2023-03-09T18:51:07","date_gmt":"2023-03-09T17:51:07","guid":{"rendered":"https:\/\/souvenir-francais-argentine.fr\/?page_id=43"},"modified":"2023-03-12T20:34:50","modified_gmt":"2023-03-12T19:34:50","slug":"contexte-historique","status":"publish","type":"page","link":"https:\/\/souvenir-francais-argentine.fr\/index.php\/contexte-historique\/","title":{"rendered":"Le contexte historique"},"content":{"rendered":"\n<h2 class=\"wp-block-heading\">D\u00e9roul\u00e9<\/h2>\n\n\n\n<h3 class=\"wp-block-heading\">12 octobre 1929<\/h3>\n\n\n<div class=\"wp-block-image\">\n<figure class=\"alignright size-full is-resized\"><a href=\"https:\/\/souvenir-francais-argentine.fr\/wp-content\/uploads\/2023\/03\/img04.jpg\"><img loading=\"lazy\" decoding=\"async\" src=\"https:\/\/souvenir-francais-argentine.fr\/wp-content\/uploads\/2023\/03\/img04.jpg\" alt=\"Publication de Terre des Hommes \" class=\"wp-image-44\" width=\"365\" height=\"284\"\/><\/a><figcaption class=\"wp-element-caption\">Publication de Terre des Hommes <\/figcaption><\/figure>\n<\/div>\n\n\n<p>Antoine de Saint Exup\u00e9ry arrive en <strong>Argentine <\/strong>accompagn\u00e9 de Jean Mermoz et d\u2019Henri Guillaumet, une semaine apr\u00e8s le premier vol A\u00e9ropostale, Buenos Aires &#8211; Comodoro Rivadavia (escales San Antonio Oeste, Trelew).<\/p>\n\n\n\n<h3 class=\"retour-photo wp-block-heading\">13 Juin 1930<\/h3>\n\n\n\n<p>Guillaumet d\u00e9colle du terrain de <strong>Colina<\/strong>, malgr\u00e9 une m\u00e9t\u00e9o ex\u00e9crable, pour sa 92e travers\u00e9e des Andes, aux commandes de son Potez 25 F-AJDZ.<br>Pris dans des vents rabattants d&rsquo;une temp\u00eate de neige et sans aucune visibilit\u00e9 apr\u00e8s avoir cherch\u00e9 un passage dans la montagne pendant deux heures, \u00e0 court d&rsquo;essence, d\u00e9cide de se poser aux abords de la <strong>Laguna Diamante<\/strong>.<br>Durant l&rsquo;atterrissage, la neige s&rsquo;accumule devant ses roues. Son avion effectue un \u00ab pyl\u00f4ne \u00bb et se retrouve \u00e0 l&rsquo;envers.<br>Bloqu\u00e9 par la temp\u00eate de neige, il passe les deux premi\u00e8res nuits envelopp\u00e9 dans son parachute, dans un abri qu&rsquo;il a creus\u00e9 dans la neige sous l&rsquo;aile de son avion retourn\u00e9.<br>St Exupery et ses \u00e9quipiers parcourent sans rel\u00e2che la Cordill\u00e8re \u00e0 la recherche de Guillaumet, celui-ci tire une fus\u00e9e au passage d\u2019un des avions mais n\u2019est pas vu.<br>Les autorit\u00e9s locales pensent que tout espoir est perdu en hiver \u00ab <em>la Cordill\u00e8re ne rend pas ses proies<\/em> \u00bb.<\/p>\n\n\n\n<h3 class=\"wp-block-heading\">16 juin 1930&nbsp;<\/h3>\n\n\n\n<p>Guillaumet d\u00e9cide de partir \u00e0 pied, apr\u00e8s avoir inscrit sur la carlingue de son avion :&nbsp;<\/p>\n\n\n\n<p>\u00ab <em>N&rsquo;ayant pas \u00e9t\u00e9 rep\u00e9r\u00e9, je pars vers l&rsquo;Est. Adieu \u00e0 tous, ma derni\u00e8re pens\u00e9e sera pour ma femme <\/em>\u00bb.<\/p>\n\n\n\n<p>Marche de 5 jours et 4 nuits dans des conditions dantesques. A bout de forces il rencontre un adolescent de 14 ans, Juan Garcia, et sa m\u00e8re, qui le recueillent pr\u00e8s d\u2019un ruisseau.<\/p>\n\n\n\n<h3 class=\"wp-block-heading\">20 juin 1930&nbsp;<\/h3>\n\n\n\n<p>Les secours sont pr\u00e9venus par le p\u00e8re de l&rsquo;adolescent ; Guillaumet est conduit par le commissaire adjoint Jos\u00e9 Castro dans sa Ford T qui l\u2019emm\u00e8ne rapidement \u00e0 la Villa Cabecerade <strong>San Carlos<\/strong>. St Exupery est pr\u00e9venu a Mendoza \u00ab <em>Guillaumet est vivant<\/em> \u00bb.<br>Vers 17h40, Antoine de St Exupery qui avait d\u00e9coll\u00e9 de <strong>Mendoza <\/strong>avec deux m\u00e9caniciens rep\u00e8re Guillaumet et se pose dans un champs. Les deux hommes se tombent dans les bras. Guillaumet d\u00e9clare : \u00ab <em>Ce que j&rsquo;ai fait, je te le jure, jamais aucune b\u00eate ne l&rsquo;aurait fait<\/em> \u00bb.<br>L&rsquo;exploit, que les habitants des vall\u00e9es r\u00e9sument parfaitement \u00ab <em>Es imposible<\/em> \u00bb, construit la l\u00e9gende de cet homme discret au milieu des grands noms de l&rsquo;A\u00e9ropostale.<\/p>\n\n\n\n<h3 class=\"wp-block-heading\">1931<\/h3>\n\n\n\n<p>Publication de Terre des Hommes qui immortalise cet \u00e9pisode.<\/p>\n\n\n\n<hr class=\"wp-block-separator alignfull has-alpha-channel-opacity\"\/>\n\n\n\n<div class=\"wp-block-buttons is-content-justification-center is-layout-flex wp-container-core-buttons-is-layout-16018d1d wp-block-buttons-is-layout-flex\">\n<div class=\"wp-block-button\"><a class=\"wp-block-button__link wp-element-button\" href=\"https:\/\/souvenir-francais-argentine.fr\/index.php\/contexte-historique\/\" title=\"Le d\u00e9roul\u00e9 des retrouvailles\">contexte historique<\/a><\/div>\n\n\n\n<div class=\"wp-block-button\"><a class=\"wp-block-button__link wp-element-button\" href=\"https:\/\/souvenir-francais-argentine.fr\/index.php\/contexte-historique\/souvenirs-existants\/\" title=\"M\u00e9moire des retrouvailles\">souvenirs existants<\/a><\/div>\n\n\n\n<div class=\"wp-block-button\"><a class=\"wp-block-button__link wp-element-button\" href=\"https:\/\/souvenir-francais-argentine.fr\/index.php\/contexte-historique\/les-lieux\/\" title=\"Les lieux des retrouvailles\">Les lieux<\/a><\/div>\n\n\n\n<div class=\"wp-block-button\"><a class=\"wp-block-button__link wp-element-button\" href=\"https:\/\/souvenir-francais-argentine.fr\/index.php\/contexte-historique\/liens-utiles\/\" title=\"En savoir plus\">Liens utiles<\/a><\/div>\n<\/div>\n","protected":false},"excerpt":{"rendered":"<p>D\u00e9roul\u00e9 12 octobre 1929 Antoine de Saint Exup\u00e9ry arrive en Argentine accompagn\u00e9 de Jean Mermoz et d\u2019Henri Guillaumet, une semaine apr\u00e8s le premier vol A\u00e9ropostale, Buenos Aires &#8211; Comodoro Rivadavia &#8230;<\/p>\n","protected":false},"author":1,"featured_media":403,"parent":0,"menu_order":2,"comment_status":"closed","ping_status":"closed","template":"","meta":{"footnotes":""},"class_list":["post-43","page","type-page","status-publish","has-post-thumbnail","hentry"],"_links":{"self":[{"href":"https:\/\/souvenir-francais-argentine.fr\/index.php\/wp-json\/wp\/v2\/pages\/43","targetHints":{"allow":["GET"]}}],"collection":[{"href":"https:\/\/souvenir-francais-argentine.fr\/index.php\/wp-json\/wp\/v2\/pages"}],"about":[{"href":"https:\/\/souvenir-francais-argentine.fr\/index.php\/wp-json\/wp\/v2\/types\/page"}],"author":[{"embeddable":true,"href":"https:\/\/souvenir-francais-argentine.fr\/index.php\/wp-json\/wp\/v2\/users\/1"}],"replies":[{"embeddable":true,"href":"https:\/\/souvenir-francais-argentine.fr\/index.php\/wp-json\/wp\/v2\/comments?post=43"}],"version-history":[{"count":16,"href":"https:\/\/souvenir-francais-argentine.fr\/index.php\/wp-json\/wp\/v2\/pages\/43\/revisions"}],"predecessor-version":[{"id":791,"href":"https:\/\/souvenir-francais-argentine.fr\/index.php\/wp-json\/wp\/v2\/pages\/43\/revisions\/791"}],"wp:featuredmedia":[{"embeddable":true,"href":"https:\/\/souvenir-francais-argentine.fr\/index.php\/wp-json\/wp\/v2\/media\/403"}],"wp:attachment":[{"href":"https:\/\/souvenir-francais-argentine.fr\/index.php\/wp-json\/wp\/v2\/media?parent=43"}],"curies":[{"name":"wp","href":"https:\/\/api.w.org\/{rel}","templated":true}]}}