{"id":506,"date":"2023-03-11T17:25:23","date_gmt":"2023-03-11T16:25:23","guid":{"rendered":"https:\/\/souvenir-francais-argentine.fr\/?page_id=506"},"modified":"2023-03-12T20:35:37","modified_gmt":"2023-03-12T19:35:37","slug":"les-lieux","status":"publish","type":"page","link":"https:\/\/souvenir-francais-argentine.fr\/index.php\/contexte-historique\/les-lieux\/","title":{"rendered":"Les lieux"},"content":{"rendered":"\n<h3 class=\"wp-block-heading\">Mendosa, Laguna del Diamante, Villa San Carlos &#8211; Argentine<\/h3>\n\n\n\n<p>Henri de Guillaumet d\u00e9colle du terrain de <strong>Colina<\/strong>, malgr\u00e9 une m\u00e9t\u00e9o ex\u00e9crable, pour sa 92e travers\u00e9e des Andes, aux commandes de son Potez 25 F-AJDZ.<br>Pris dans des vents rabattants d&rsquo;une temp\u00eate de neige et sans aucune visibilit\u00e9, il d\u00e9cide de se poser aux abords de la <strong>Laguna Diamante<\/strong>.<br>Apr\u00e8s 5 jours et 4 nuits de marche dans des conditions dantesques, il est recueilli et conduit \u00e0 la<strong> Villa San Carlos<\/strong> o\u00f9 il retrouvera Antoine de Saint-Exup\u00e9ry venu depuis <strong>Mendosa<\/strong>.&nbsp;<\/p>\n\n\n<p><iframe loading=\"lazy\" style=\"border: 0;\" src=\"https:\/\/www.google.com\/maps\/embed?pb=!1m14!1m8!1m3!1d13401.63584381579!2d-68.850198!3d-32.887354!3m2!1i1024!2i768!4f13.1!3m3!1m2!1s0x967e093ec45179bf%3A0x205a78f6d20efa3a!2sMendoza%2C%20D%C3%A9partement%20Capital%2C%20Province%20de%20Mendoza%2C%20Argentine!5e0!3m2!1sfr!2sus!4v1678551595836!5m2!1sfr!2sus\" allowfullscreen=\"allowfullscreen\" width=\"100%\" height=\"400\"><\/iframe><\/p>\n\r\n\t\t\t\t\t\n\r\n\t\t\t\t\t<!-- START UNITE GALLERY 1.7.58 -->\r\n\t\t\t\t\t\r\n\t\t\t\t\n\t\t\t<div id='unitegallery_2_1' class='unite-gallery' style='margin:0px auto;margin-top:15px;margin-bottom:25px;'>\n\t\t\t\t\n\n\t\t\t\t\t\t<img decoding=\"async\" alt=\"Laguna Diamante - Argentine\"\n\t\t\t\t\t\t     src=\"\" data-image=\"https:\/\/souvenir-francais-argentine.fr\/wp-content\/uploads\/2023\/03\/diamente-01.jpg\"\n\t\t\t\t\t\t     data-image-mobile=\"https:\/\/souvenir-francais-argentine.fr\/wp-content\/uploads\/2023\/03\/diamente-01-768x512.jpg\"\n\t\t\t\t\t\t     data-thumb=\"https:\/\/souvenir-francais-argentine.fr\/wp-content\/uploads\/2023\/03\/diamente-01.jpg\"\n\t\t\t\t\t\t     data-thumb-mobile=\"https:\/\/souvenir-francais-argentine.fr\/wp-content\/uploads\/2023\/03\/diamente-01-768x512.jpg\"\n\t\t\t\t\t\t     title=\"\"\n\t\t\t\t\t\t     data-title=\"Laguna Diamante - Argentine\"\n\t\t\t\t\t\t     style=\"display:none\">\n\n\t\t\t\t\t\t<img decoding=\"async\" alt=\"Laguna Diamante - Argentine\"\n\t\t\t\t\t\t     src=\"\" data-image=\"https:\/\/souvenir-francais-argentine.fr\/wp-content\/uploads\/2023\/03\/diamente-02.jpg\"\n\t\t\t\t\t\t     data-image-mobile=\"https:\/\/souvenir-francais-argentine.fr\/wp-content\/uploads\/2023\/03\/diamente-02-768x512.jpg\"\n\t\t\t\t\t\t     data-thumb=\"https:\/\/souvenir-francais-argentine.fr\/wp-content\/uploads\/2023\/03\/diamente-02.jpg\"\n\t\t\t\t\t\t     data-thumb-mobile=\"https:\/\/souvenir-francais-argentine.fr\/wp-content\/uploads\/2023\/03\/diamente-02-768x512.jpg\"\n\t\t\t\t\t\t     title=\"\"\n\t\t\t\t\t\t     data-title=\"Laguna Diamante - Argentine\"\n\t\t\t\t\t\t     style=\"display:none\">\n\n\t\t\t\t\t\t<img decoding=\"async\" alt=\"Laguna Diamante - Argentine\"\n\t\t\t\t\t\t     src=\"\" data-image=\"https:\/\/souvenir-francais-argentine.fr\/wp-content\/uploads\/2023\/03\/diamente-03.jpg\"\n\t\t\t\t\t\t     data-image-mobile=\"https:\/\/souvenir-francais-argentine.fr\/wp-content\/uploads\/2023\/03\/diamente-03-768x512.jpg\"\n\t\t\t\t\t\t     data-thumb=\"https:\/\/souvenir-francais-argentine.fr\/wp-content\/uploads\/2023\/03\/diamente-03.jpg\"\n\t\t\t\t\t\t     data-thumb-mobile=\"https:\/\/souvenir-francais-argentine.fr\/wp-content\/uploads\/2023\/03\/diamente-03-768x512.jpg\"\n\t\t\t\t\t\t     title=\"\"\n\t\t\t\t\t\t     data-title=\"Laguna Diamante - Argentine\"\n\t\t\t\t\t\t     style=\"display:none\">\n\n\t\t\t\t\t\t<img decoding=\"async\" alt=\"Volcan Maipu 5323 m, r\u00e9serve Laguna Diamante\"\n\t\t\t\t\t\t     src=\"\" data-image=\"https:\/\/souvenir-francais-argentine.fr\/wp-content\/uploads\/2023\/03\/diamente-04.jpg\"\n\t\t\t\t\t\t     data-image-mobile=\"https:\/\/souvenir-francais-argentine.fr\/wp-content\/uploads\/2023\/03\/diamente-04-768x512.jpg\"\n\t\t\t\t\t\t     data-thumb=\"https:\/\/souvenir-francais-argentine.fr\/wp-content\/uploads\/2023\/03\/diamente-04.jpg\"\n\t\t\t\t\t\t     data-thumb-mobile=\"https:\/\/souvenir-francais-argentine.fr\/wp-content\/uploads\/2023\/03\/diamente-04-768x512.jpg\"\n\t\t\t\t\t\t     title=\"\"\n\t\t\t\t\t\t     data-title=\"Volcan Maipu 5323 m,  r\u00e9serve Laguna Diamante\"\n\t\t\t\t\t\t     style=\"display:none\">\n\n\t\t\t\t\t\t<img decoding=\"async\" alt=\"Laguna Diamante - Argentine\"\n\t\t\t\t\t\t     src=\"\" data-image=\"https:\/\/souvenir-francais-argentine.fr\/wp-content\/uploads\/2023\/03\/diamente-05.jpg\"\n\t\t\t\t\t\t     data-image-mobile=\"https:\/\/souvenir-francais-argentine.fr\/wp-content\/uploads\/2023\/03\/diamente-05-768x512.jpg\"\n\t\t\t\t\t\t     data-thumb=\"https:\/\/souvenir-francais-argentine.fr\/wp-content\/uploads\/2023\/03\/diamente-05.jpg\"\n\t\t\t\t\t\t     data-thumb-mobile=\"https:\/\/souvenir-francais-argentine.fr\/wp-content\/uploads\/2023\/03\/diamente-05-768x512.jpg\"\n\t\t\t\t\t\t     title=\"\"\n\t\t\t\t\t\t     data-title=\"Laguna Diamante - Argentine\"\n\t\t\t\t\t\t     style=\"display:none\">\n\n\t\t\t\t\t\t<img decoding=\"async\" alt=\"Laguna Diamante - Argentine\"\n\t\t\t\t\t\t     src=\"\" data-image=\"https:\/\/souvenir-francais-argentine.fr\/wp-content\/uploads\/2023\/03\/diamente-06.jpg\"\n\t\t\t\t\t\t     data-image-mobile=\"https:\/\/souvenir-francais-argentine.fr\/wp-content\/uploads\/2023\/03\/diamente-06-768x512.jpg\"\n\t\t\t\t\t\t     data-thumb=\"https:\/\/souvenir-francais-argentine.fr\/wp-content\/uploads\/2023\/03\/diamente-06.jpg\"\n\t\t\t\t\t\t     data-thumb-mobile=\"https:\/\/souvenir-francais-argentine.fr\/wp-content\/uploads\/2023\/03\/diamente-06-768x512.jpg\"\n\t\t\t\t\t\t     title=\"\"\n\t\t\t\t\t\t     data-title=\"Laguna Diamante - Argentine\"\n\t\t\t\t\t\t     style=\"display:none\">\n\n\t\t\t\t\t\t<img decoding=\"async\" alt=\"Laguna Diamante - Argentine\"\n\t\t\t\t\t\t     src=\"\" data-image=\"https:\/\/souvenir-francais-argentine.fr\/wp-content\/uploads\/2023\/03\/diamente-07.jpg\"\n\t\t\t\t\t\t     data-image-mobile=\"https:\/\/souvenir-francais-argentine.fr\/wp-content\/uploads\/2023\/03\/diamente-07-768x512.jpg\"\n\t\t\t\t\t\t     data-thumb=\"https:\/\/souvenir-francais-argentine.fr\/wp-content\/uploads\/2023\/03\/diamente-07.jpg\"\n\t\t\t\t\t\t     data-thumb-mobile=\"https:\/\/souvenir-francais-argentine.fr\/wp-content\/uploads\/2023\/03\/diamente-07-768x512.jpg\"\n\t\t\t\t\t\t     title=\"\"\n\t\t\t\t\t\t     data-title=\"Laguna Diamante - Argentine\"\n\t\t\t\t\t\t     style=\"display:none\">\n\n\t\t\t\t\t\t<img decoding=\"async\" alt=\"Laguna Diamante - Argentine\"\n\t\t\t\t\t\t     src=\"\" data-image=\"https:\/\/souvenir-francais-argentine.fr\/wp-content\/uploads\/2023\/03\/diamente-08.jpg\"\n\t\t\t\t\t\t     data-image-mobile=\"https:\/\/souvenir-francais-argentine.fr\/wp-content\/uploads\/2023\/03\/diamente-08-768x512.jpg\"\n\t\t\t\t\t\t     data-thumb=\"https:\/\/souvenir-francais-argentine.fr\/wp-content\/uploads\/2023\/03\/diamente-08.jpg\"\n\t\t\t\t\t\t     data-thumb-mobile=\"https:\/\/souvenir-francais-argentine.fr\/wp-content\/uploads\/2023\/03\/diamente-08-768x512.jpg\"\n\t\t\t\t\t\t     title=\"\"\n\t\t\t\t\t\t     data-title=\"Laguna Diamante - Argentine\"\n\t\t\t\t\t\t     style=\"display:none\">\n\n\t\t\t\t\t\t<img decoding=\"async\" alt=\"Diamante-C-146\"\n\t\t\t\t\t\t     src=\"\" data-image=\"https:\/\/souvenir-francais-argentine.fr\/wp-content\/uploads\/2023\/03\/Diamante-C-146.jpg\"\n\t\t\t\t\t\t     data-image-mobile=\"https:\/\/souvenir-francais-argentine.fr\/wp-content\/uploads\/2023\/03\/Diamante-C-146-768x512.jpg\"\n\t\t\t\t\t\t     data-thumb=\"https:\/\/souvenir-francais-argentine.fr\/wp-content\/uploads\/2023\/03\/Diamante-C-146.jpg\"\n\t\t\t\t\t\t     data-thumb-mobile=\"https:\/\/souvenir-francais-argentine.fr\/wp-content\/uploads\/2023\/03\/Diamante-C-146-768x512.jpg\"\n\t\t\t\t\t\t     title=\"\"\n\t\t\t\t\t\t     style=\"display:none\">\n\n\t\t\t\t\t\t<img decoding=\"async\" alt=\"Diamante-C-157\"\n\t\t\t\t\t\t     src=\"\" data-image=\"https:\/\/souvenir-francais-argentine.fr\/wp-content\/uploads\/2023\/03\/Diamante-C-157.jpg\"\n\t\t\t\t\t\t     data-image-mobile=\"https:\/\/souvenir-francais-argentine.fr\/wp-content\/uploads\/2023\/03\/Diamante-C-157-768x459.jpg\"\n\t\t\t\t\t\t     data-thumb=\"https:\/\/souvenir-francais-argentine.fr\/wp-content\/uploads\/2023\/03\/Diamante-C-157.jpg\"\n\t\t\t\t\t\t     data-thumb-mobile=\"https:\/\/souvenir-francais-argentine.fr\/wp-content\/uploads\/2023\/03\/Diamante-C-157-768x459.jpg\"\n\t\t\t\t\t\t     title=\"\"\n\t\t\t\t\t\t     style=\"display:none\">\n\n\t\t\t\t\t\t<img decoding=\"async\" alt=\"Puesto Cerro Negro, ruisseau Yaucha\"\n\t\t\t\t\t\t     src=\"\" data-image=\"https:\/\/souvenir-francais-argentine.fr\/wp-content\/uploads\/2023\/03\/Puesto-Cerro-Negro-ruisseau-Yaucha.jpg\"\n\t\t\t\t\t\t     data-image-mobile=\"https:\/\/souvenir-francais-argentine.fr\/wp-content\/uploads\/2023\/03\/Puesto-Cerro-Negro-ruisseau-Yaucha-768x512.jpg\"\n\t\t\t\t\t\t     data-thumb=\"https:\/\/souvenir-francais-argentine.fr\/wp-content\/uploads\/2023\/03\/Puesto-Cerro-Negro-ruisseau-Yaucha.jpg\"\n\t\t\t\t\t\t     data-thumb-mobile=\"https:\/\/souvenir-francais-argentine.fr\/wp-content\/uploads\/2023\/03\/Puesto-Cerro-Negro-ruisseau-Yaucha-768x512.jpg\"\n\t\t\t\t\t\t     title=\"\"\n\t\t\t\t\t\t     data-title=\"Puesto Cerro Negro, ruisseau Yaucha\"\n\t\t\t\t\t\t     style=\"display:none\">\n\n\t\t\t\t\t\t<img decoding=\"async\" alt=\"Arroyo de Yaucha emprunt\u00e9 par Henri Guillaumet\"\n\t\t\t\t\t\t     src=\"\" data-image=\"https:\/\/souvenir-francais-argentine.fr\/wp-content\/uploads\/2023\/03\/Arroyo-de-Yaucha-emprunte-par-Henri-Guillaumet.jpg\"\n\t\t\t\t\t\t     data-image-mobile=\"https:\/\/souvenir-francais-argentine.fr\/wp-content\/uploads\/2023\/03\/Arroyo-de-Yaucha-emprunte-par-Henri-Guillaumet-768x512.jpg\"\n\t\t\t\t\t\t     data-thumb=\"https:\/\/souvenir-francais-argentine.fr\/wp-content\/uploads\/2023\/03\/Arroyo-de-Yaucha-emprunte-par-Henri-Guillaumet.jpg\"\n\t\t\t\t\t\t     data-thumb-mobile=\"https:\/\/souvenir-francais-argentine.fr\/wp-content\/uploads\/2023\/03\/Arroyo-de-Yaucha-emprunte-par-Henri-Guillaumet-768x512.jpg\"\n\t\t\t\t\t\t     title=\"\"\n\t\t\t\t\t\t     data-title=\"Arroyo de Yaucha emprunt\u00e9 par Henri Guillaumet\"\n\t\t\t\t\t\t     style=\"display:none\">\n\t\t\t<\/div>\n\n\t\t\t<script type='text\/javascript'>\n\t\t\t\twindow.onload = function(e) {\n\t\t\t\t\tif(typeof ugCheckForErrors == \"undefined\"){\n\t\t\t\t\t\tdocument.getElementById(\"unitegallery_2_1\").innerHTML = \"<span style='color:red'>Unite Gallery Error - gallery js and css files not included in the footer. Please make sure that wp_footer() function is added to your theme.<\/span>\";}\n\t\t\t\t\telse{ ugCheckForErrors(\"unitegallery_2_1\", \"jquery\");}\n\t\t\t\t};\n\t\t\t<\/script>\n\n\t\t\t<!-- END UNITEGALLERY -->\n\n\n<hr class=\"wp-block-separator alignfull has-alpha-channel-opacity\"\/>\n\n\n\n<div class=\"wp-block-buttons is-content-justification-center is-layout-flex wp-container-core-buttons-is-layout-16018d1d wp-block-buttons-is-layout-flex\">\n<div class=\"wp-block-button\"><a class=\"wp-block-button__link wp-element-button\" href=\"https:\/\/souvenir-francais-argentine.fr\/index.php\/contexte-historique\/\" title=\"Le d\u00e9roul\u00e9 des retrouvailles\">contexte historique<\/a><\/div>\n\n\n\n<div class=\"wp-block-button\"><a class=\"wp-block-button__link wp-element-button\" href=\"https:\/\/souvenir-francais-argentine.fr\/index.php\/contexte-historique\/souvenirs-existants\/\" title=\"M\u00e9moire des retrouvailles\">souvenirs existants<\/a><\/div>\n\n\n\n<div class=\"wp-block-button\"><a class=\"wp-block-button__link wp-element-button\" href=\"https:\/\/souvenir-francais-argentine.fr\/index.php\/contexte-historique\/les-lieux\/\" title=\"Les lieux des retrouvailles\">Les lieux<\/a><\/div>\n\n\n\n<div class=\"wp-block-button\"><a class=\"wp-block-button__link wp-element-button\" href=\"https:\/\/souvenir-francais-argentine.fr\/index.php\/contexte-historique\/liens-utiles\/\" title=\"En savoir plus\">Liens utiles<\/a><\/div>\n<\/div>\n","protected":false},"excerpt":{"rendered":"<p>Mendosa, Laguna del Diamante, Villa San Carlos &#8211; Argentine Henri de Guillaumet d\u00e9colle du terrain de Colina, malgr\u00e9 une m\u00e9t\u00e9o ex\u00e9crable, pour sa 92e travers\u00e9e des Andes, aux commandes de &#8230;<\/p>\n","protected":false},"author":1,"featured_media":403,"parent":43,"menu_order":13,"comment_status":"closed","ping_status":"closed","template":"","meta":{"footnotes":""},"class_list":["post-506","page","type-page","status-publish","has-post-thumbnail","hentry"],"_links":{"self":[{"href":"https:\/\/souvenir-francais-argentine.fr\/index.php\/wp-json\/wp\/v2\/pages\/506","targetHints":{"allow":["GET"]}}],"collection":[{"href":"https:\/\/souvenir-francais-argentine.fr\/index.php\/wp-json\/wp\/v2\/pages"}],"about":[{"href":"https:\/\/souvenir-francais-argentine.fr\/index.php\/wp-json\/wp\/v2\/types\/page"}],"author":[{"embeddable":true,"href":"https:\/\/souvenir-francais-argentine.fr\/index.php\/wp-json\/wp\/v2\/users\/1"}],"replies":[{"embeddable":true,"href":"https:\/\/souvenir-francais-argentine.fr\/index.php\/wp-json\/wp\/v2\/comments?post=506"}],"version-history":[{"count":7,"href":"https:\/\/souvenir-francais-argentine.fr\/index.php\/wp-json\/wp\/v2\/pages\/506\/revisions"}],"predecessor-version":[{"id":792,"href":"https:\/\/souvenir-francais-argentine.fr\/index.php\/wp-json\/wp\/v2\/pages\/506\/revisions\/792"}],"up":[{"embeddable":true,"href":"https:\/\/souvenir-francais-argentine.fr\/index.php\/wp-json\/wp\/v2\/pages\/43"}],"wp:featuredmedia":[{"embeddable":true,"href":"https:\/\/souvenir-francais-argentine.fr\/index.php\/wp-json\/wp\/v2\/media\/403"}],"wp:attachment":[{"href":"https:\/\/souvenir-francais-argentine.fr\/index.php\/wp-json\/wp\/v2\/media?parent=506"}],"curies":[{"name":"wp","href":"https:\/\/api.w.org\/{rel}","templated":true}]}}